{"id":8,"date":"2020-04-09T19:53:44","date_gmt":"2020-04-09T17:53:44","guid":{"rendered":"http:\/\/pastelspat.com\/?page_id=8"},"modified":"2025-03-22T12:01:23","modified_gmt":"2025-03-22T11:01:23","slug":"pastelspat","status":"publish","type":"page","link":"https:\/\/pastelspat.com\/","title":{"rendered":"Artiste pastelliste"},"content":{"rendered":"\t\t<div data-elementor-type=\"wp-page\" data-elementor-id=\"8\" class=\"elementor elementor-8\">\n\t\t\t\t\t\t<section class=\"elementor-section elementor-top-section elementor-element elementor-element-8db9e73 elementor-section-boxed elementor-section-height-default elementor-section-height-default\" data-id=\"8db9e73\" data-element_type=\"section\" data-e-type=\"section\">\n\t\t\t\t\t\t<div class=\"elementor-container elementor-column-gap-default\">\n\t\t\t\t\t<div class=\"elementor-column elementor-col-100 elementor-top-column elementor-element elementor-element-6d791d6\" data-id=\"6d791d6\" data-element_type=\"column\" data-e-type=\"column\">\n\t\t\t<div class=\"elementor-widget-wrap elementor-element-populated\">\n\t\t\t\t\t\t<div class=\"elementor-element elementor-element-361a093 e-transform elementor-widget elementor-widget-image\" data-id=\"361a093\" data-element_type=\"widget\" data-e-type=\"widget\" data-settings=\"{&quot;_transform_translateY_effect_mobile&quot;:{&quot;unit&quot;:&quot;px&quot;,&quot;size&quot;:-123,&quot;sizes&quot;:[]},&quot;_transform_translateX_effect&quot;:{&quot;unit&quot;:&quot;px&quot;,&quot;size&quot;:&quot;&quot;,&quot;sizes&quot;:[]},&quot;_transform_translateX_effect_tablet&quot;:{&quot;unit&quot;:&quot;px&quot;,&quot;size&quot;:&quot;&quot;,&quot;sizes&quot;:[]},&quot;_transform_translateX_effect_mobile&quot;:{&quot;unit&quot;:&quot;px&quot;,&quot;size&quot;:&quot;&quot;,&quot;sizes&quot;:[]},&quot;_transform_translateY_effect&quot;:{&quot;unit&quot;:&quot;px&quot;,&quot;size&quot;:&quot;&quot;,&quot;sizes&quot;:[]},&quot;_transform_translateY_effect_tablet&quot;:{&quot;unit&quot;:&quot;px&quot;,&quot;size&quot;:&quot;&quot;,&quot;sizes&quot;:[]}}\" data-widget_type=\"image.default\">\n\t\t\t\t<div class=\"elementor-widget-container\">\n\t\t\t\t\t\t\t\t\t\t\t\t\t\t\t<img fetchpriority=\"high\" decoding=\"async\" width=\"724\" height=\"1024\" src=\"https:\/\/pastelspat.com\/wp-content\/uploads\/2025\/03\/book-pat2-1-1-724x1024.jpg\" class=\"attachment-large size-large wp-image-1138\" alt=\"\" srcset=\"https:\/\/pastelspat.com\/wp-content\/uploads\/2025\/03\/book-pat2-1-1-724x1024.jpg 724w, https:\/\/pastelspat.com\/wp-content\/uploads\/2025\/03\/book-pat2-1-1-212x300.jpg 212w, https:\/\/pastelspat.com\/wp-content\/uploads\/2025\/03\/book-pat2-1-1-768x1086.jpg 768w, https:\/\/pastelspat.com\/wp-content\/uploads\/2025\/03\/book-pat2-1-1.jpg 842w\" sizes=\"(max-width: 724px) 100vw, 724px\" \/>\t\t\t\t\t\t\t\t\t\t\t\t\t\t\t<\/div>\n\t\t\t\t<\/div>\n\t\t\t\t\t<\/div>\n\t\t<\/div>\n\t\t\t\t\t<\/div>\n\t\t<\/section>\n\t\t\t\t<\/div>\n\t\t","protected":false},"excerpt":{"rendered":"","protected":false},"author":1,"featured_media":0,"parent":0,"menu_order":0,"comment_status":"closed","ping_status":"closed","template":"","meta":{"footnotes":""},"class_list":["post-8","page","type-page","status-publish","hentry"],"yoast_head":"<!-- This site is optimized with the Yoast SEO plugin v27.5 - https:\/\/yoast.com\/product\/yoast-seo-wordpress\/ -->\n<title>Artiste pastelliste - Pastelspat<\/title>\n<meta name=\"description\" content=\"Portraits - pastels - pastelliste - cr\u00e9ations pastels - autodidacte - cr\u00e9ations personnalis\u00e9es \u00e0 partir de sujets ou photographies -\" \/>\n<meta name=\"robots\" content=\"index, follow, max-snippet:-1, max-image-preview:large, max-video-preview:-1\" \/>\n<link rel=\"canonical\" href=\"https:\/\/pastelspat.com\/\" \/>\n<meta property=\"og:locale\" content=\"fr_FR\" \/>\n<meta property=\"og:type\" content=\"article\" \/>\n<meta property=\"og:title\" content=\"Artiste pastelliste - Pastelspat\" \/>\n<meta property=\"og:description\" content=\"Portraits - pastels - pastelliste - cr\u00e9ations pastels - autodidacte - cr\u00e9ations personnalis\u00e9es \u00e0 partir de sujets ou photographies -\" \/>\n<meta property=\"og:url\" content=\"https:\/\/pastelspat.com\/\" \/>\n<meta property=\"og:site_name\" content=\"Pastelspat\" \/>\n<meta property=\"article:modified_time\" content=\"2025-03-22T11:01:23+00:00\" \/>\n<meta property=\"og:image\" content=\"https:\/\/pastelspat.com\/wp-content\/uploads\/2025\/03\/book-pat2-1-1.jpg\" \/>\n\t<meta property=\"og:image:width\" content=\"842\" \/>\n\t<meta property=\"og:image:height\" content=\"1191\" \/>\n\t<meta property=\"og:image:type\" content=\"image\/jpeg\" \/>\n<meta name=\"twitter:card\" content=\"summary_large_image\" \/>\n<meta name=\"twitter:label1\" content=\"Dur\u00e9e de lecture estim\u00e9e\" \/>\n\t<meta name=\"twitter:data1\" content=\"1 minute\" \/>\n<script type=\"application\/ld+json\" class=\"yoast-schema-graph\">{\"@context\":\"https:\\\/\\\/schema.org\",\"@graph\":[{\"@type\":\"WebPage\",\"@id\":\"https:\\\/\\\/pastelspat.com\\\/\",\"url\":\"https:\\\/\\\/pastelspat.com\\\/\",\"name\":\"Artiste pastelliste - Pastelspat\",\"isPartOf\":{\"@id\":\"https:\\\/\\\/pastelspat.com\\\/#website\"},\"primaryImageOfPage\":{\"@id\":\"https:\\\/\\\/pastelspat.com\\\/#primaryimage\"},\"image\":{\"@id\":\"https:\\\/\\\/pastelspat.com\\\/#primaryimage\"},\"thumbnailUrl\":\"https:\\\/\\\/pastelspat.com\\\/wp-content\\\/uploads\\\/2025\\\/03\\\/book-pat2-1-1-724x1024.jpg\",\"datePublished\":\"2020-04-09T17:53:44+00:00\",\"dateModified\":\"2025-03-22T11:01:23+00:00\",\"description\":\"Portraits - pastels - pastelliste - cr\u00e9ations pastels - autodidacte - cr\u00e9ations personnalis\u00e9es \u00e0 partir de sujets ou photographies -\",\"breadcrumb\":{\"@id\":\"https:\\\/\\\/pastelspat.com\\\/#breadcrumb\"},\"inLanguage\":\"fr-FR\",\"potentialAction\":[{\"@type\":\"ReadAction\",\"target\":[\"https:\\\/\\\/pastelspat.com\\\/\"]}]},{\"@type\":\"ImageObject\",\"inLanguage\":\"fr-FR\",\"@id\":\"https:\\\/\\\/pastelspat.com\\\/#primaryimage\",\"url\":\"https:\\\/\\\/pastelspat.com\\\/wp-content\\\/uploads\\\/2025\\\/03\\\/book-pat2-1-1.jpg\",\"contentUrl\":\"https:\\\/\\\/pastelspat.com\\\/wp-content\\\/uploads\\\/2025\\\/03\\\/book-pat2-1-1.jpg\",\"width\":842,\"height\":1191},{\"@type\":\"BreadcrumbList\",\"@id\":\"https:\\\/\\\/pastelspat.com\\\/#breadcrumb\",\"itemListElement\":[{\"@type\":\"ListItem\",\"position\":1,\"name\":\"Accueil\",\"item\":\"https:\\\/\\\/pastelspat.com\\\/\"},{\"@type\":\"ListItem\",\"position\":2,\"name\":\"Artiste pastelliste\"}]},{\"@type\":\"WebSite\",\"@id\":\"https:\\\/\\\/pastelspat.com\\\/#website\",\"url\":\"https:\\\/\\\/pastelspat.com\\\/\",\"name\":\"Pastelspat\",\"description\":\"\",\"potentialAction\":[{\"@type\":\"SearchAction\",\"target\":{\"@type\":\"EntryPoint\",\"urlTemplate\":\"https:\\\/\\\/pastelspat.com\\\/?s={search_term_string}\"},\"query-input\":{\"@type\":\"PropertyValueSpecification\",\"valueRequired\":true,\"valueName\":\"search_term_string\"}}],\"inLanguage\":\"fr-FR\"}]}<\/script>\n<!-- \/ Yoast SEO plugin. -->","yoast_head_json":{"title":"Artiste pastelliste - Pastelspat","description":"Portraits - pastels - pastelliste - cr\u00e9ations pastels - autodidacte - cr\u00e9ations personnalis\u00e9es \u00e0 partir de sujets ou photographies -","robots":{"index":"index","follow":"follow","max-snippet":"max-snippet:-1","max-image-preview":"max-image-preview:large","max-video-preview":"max-video-preview:-1"},"canonical":"https:\/\/pastelspat.com\/","og_locale":"fr_FR","og_type":"article","og_title":"Artiste pastelliste - Pastelspat","og_description":"Portraits - pastels - pastelliste - cr\u00e9ations pastels - autodidacte - cr\u00e9ations personnalis\u00e9es \u00e0 partir de sujets ou photographies -","og_url":"https:\/\/pastelspat.com\/","og_site_name":"Pastelspat","article_modified_time":"2025-03-22T11:01:23+00:00","og_image":[{"width":842,"height":1191,"url":"https:\/\/pastelspat.com\/wp-content\/uploads\/2025\/03\/book-pat2-1-1.jpg","type":"image\/jpeg"}],"twitter_card":"summary_large_image","twitter_misc":{"Dur\u00e9e de lecture estim\u00e9e":"1 minute"},"schema":{"@context":"https:\/\/schema.org","@graph":[{"@type":"WebPage","@id":"https:\/\/pastelspat.com\/","url":"https:\/\/pastelspat.com\/","name":"Artiste pastelliste - Pastelspat","isPartOf":{"@id":"https:\/\/pastelspat.com\/#website"},"primaryImageOfPage":{"@id":"https:\/\/pastelspat.com\/#primaryimage"},"image":{"@id":"https:\/\/pastelspat.com\/#primaryimage"},"thumbnailUrl":"https:\/\/pastelspat.com\/wp-content\/uploads\/2025\/03\/book-pat2-1-1-724x1024.jpg","datePublished":"2020-04-09T17:53:44+00:00","dateModified":"2025-03-22T11:01:23+00:00","description":"Portraits - pastels - pastelliste - cr\u00e9ations pastels - autodidacte - cr\u00e9ations personnalis\u00e9es \u00e0 partir de sujets ou photographies -","breadcrumb":{"@id":"https:\/\/pastelspat.com\/#breadcrumb"},"inLanguage":"fr-FR","potentialAction":[{"@type":"ReadAction","target":["https:\/\/pastelspat.com\/"]}]},{"@type":"ImageObject","inLanguage":"fr-FR","@id":"https:\/\/pastelspat.com\/#primaryimage","url":"https:\/\/pastelspat.com\/wp-content\/uploads\/2025\/03\/book-pat2-1-1.jpg","contentUrl":"https:\/\/pastelspat.com\/wp-content\/uploads\/2025\/03\/book-pat2-1-1.jpg","width":842,"height":1191},{"@type":"BreadcrumbList","@id":"https:\/\/pastelspat.com\/#breadcrumb","itemListElement":[{"@type":"ListItem","position":1,"name":"Accueil","item":"https:\/\/pastelspat.com\/"},{"@type":"ListItem","position":2,"name":"Artiste pastelliste"}]},{"@type":"WebSite","@id":"https:\/\/pastelspat.com\/#website","url":"https:\/\/pastelspat.com\/","name":"Pastelspat","description":"","potentialAction":[{"@type":"SearchAction","target":{"@type":"EntryPoint","urlTemplate":"https:\/\/pastelspat.com\/?s={search_term_string}"},"query-input":{"@type":"PropertyValueSpecification","valueRequired":true,"valueName":"search_term_string"}}],"inLanguage":"fr-FR"}]}},"_links":{"self":[{"href":"https:\/\/pastelspat.com\/index.php\/wp-json\/wp\/v2\/pages\/8","targetHints":{"allow":["GET"]}}],"collection":[{"href":"https:\/\/pastelspat.com\/index.php\/wp-json\/wp\/v2\/pages"}],"about":[{"href":"https:\/\/pastelspat.com\/index.php\/wp-json\/wp\/v2\/types\/page"}],"author":[{"embeddable":true,"href":"https:\/\/pastelspat.com\/index.php\/wp-json\/wp\/v2\/users\/1"}],"replies":[{"embeddable":true,"href":"https:\/\/pastelspat.com\/index.php\/wp-json\/wp\/v2\/comments?post=8"}],"version-history":[{"count":32,"href":"https:\/\/pastelspat.com\/index.php\/wp-json\/wp\/v2\/pages\/8\/revisions"}],"predecessor-version":[{"id":1159,"href":"https:\/\/pastelspat.com\/index.php\/wp-json\/wp\/v2\/pages\/8\/revisions\/1159"}],"wp:attachment":[{"href":"https:\/\/pastelspat.com\/index.php\/wp-json\/wp\/v2\/media?parent=8"}],"curies":[{"name":"wp","href":"https:\/\/api.w.org\/{rel}","templated":true}]}}